{"id":13,"date":"2025-03-07T10:24:48","date_gmt":"2025-03-07T09:24:48","guid":{"rendered":"https:\/\/crypto-cesar.omnytis.com\/?page_id=13"},"modified":"2025-03-07T10:24:48","modified_gmt":"2025-03-07T09:24:48","slug":"assitance","status":"publish","type":"page","link":"https:\/\/crypto-cesar.omnytis.com\/?page_id=13","title":{"rendered":"Assitance"},"content":{"rendered":"\n<p>En cas de probl\u00e8me, vous pouvez me contacter \u00e0 cette adresse contact@omnytis.com. Je ne m&rsquo;engage aucunement sur les d\u00e9lais de traitements de vos requ\u00eates. <\/p>\n","protected":false},"excerpt":{"rendered":"<p>En cas de probl\u00e8me, vous pouvez me contacter \u00e0 cette adresse contact@omnytis.com. Je ne m&rsquo;engage aucunement sur les d\u00e9lais de traitements de vos requ\u00eates.<\/p>\n","protected":false},"author":1,"featured_media":0,"parent":0,"menu_order":0,"comment_status":"closed","ping_status":"closed","template":"","meta":{"footnotes":""},"class_list":["post-13","page","type-page","status-publish","hentry"],"_links":{"self":[{"href":"https:\/\/crypto-cesar.omnytis.com\/index.php?rest_route=\/wp\/v2\/pages\/13","targetHints":{"allow":["GET"]}}],"collection":[{"href":"https:\/\/crypto-cesar.omnytis.com\/index.php?rest_route=\/wp\/v2\/pages"}],"about":[{"href":"https:\/\/crypto-cesar.omnytis.com\/index.php?rest_route=\/wp\/v2\/types\/page"}],"author":[{"embeddable":true,"href":"https:\/\/crypto-cesar.omnytis.com\/index.php?rest_route=\/wp\/v2\/users\/1"}],"replies":[{"embeddable":true,"href":"https:\/\/crypto-cesar.omnytis.com\/index.php?rest_route=%2Fwp%2Fv2%2Fcomments&post=13"}],"version-history":[{"count":1,"href":"https:\/\/crypto-cesar.omnytis.com\/index.php?rest_route=\/wp\/v2\/pages\/13\/revisions"}],"predecessor-version":[{"id":14,"href":"https:\/\/crypto-cesar.omnytis.com\/index.php?rest_route=\/wp\/v2\/pages\/13\/revisions\/14"}],"wp:attachment":[{"href":"https:\/\/crypto-cesar.omnytis.com\/index.php?rest_route=%2Fwp%2Fv2%2Fmedia&parent=13"}],"curies":[{"name":"wp","href":"https:\/\/api.w.org\/{rel}","templated":true}]}}