{"id":3,"date":"2025-03-07T09:32:38","date_gmt":"2025-03-07T08:32:38","guid":{"rendered":"http:\/\/buqjzey.cluster100.hosting.ovh.net\/?page_id=3"},"modified":"2025-03-07T09:54:48","modified_gmt":"2025-03-07T08:54:48","slug":"politique-de-confidentialite","status":"publish","type":"page","link":"https:\/\/crypto-cesar.omnytis.com\/?page_id=3","title":{"rendered":"Politique de confidentialit\u00e9"},"content":{"rendered":"\n<p>Derni\u00e8re mise \u00e0 jour : 7 mars 2025<\/p>\n\n\n\n<p>Votre confidentialit\u00e9 est importante pour nous. Cette politique de confidentialit\u00e9 d\u00e9crit comment notre application traite vos donn\u00e9es.<\/p>\n\n\n\n<h2 class=\"wp-block-heading\">1. Collecte des donn\u00e9es personnelles<\/h2>\n\n\n\n<p>Notre application ne collecte, ne stocke ni ne partage aucune donn\u00e9e personnelle. Aucune information saisie par l&rsquo;utilisateur n&rsquo;est conserv\u00e9e apr\u00e8s la fermeture de l&rsquo;application.<\/p>\n\n\n\n<h2 class=\"wp-block-heading\">2. Utilisation des donn\u00e9es<\/h2>\n\n\n\n<p>L&rsquo;application fonctionne localement sur votre appareil et effectue le chiffrement et le d\u00e9chiffrement des messages sans transmettre aucune donn\u00e9e \u00e0 un serveur externe.<\/p>\n\n\n\n<h2 class=\"wp-block-heading\">3. Partage des donn\u00e9es<\/h2>\n\n\n\n<p>Nous ne partageons aucune donn\u00e9e avec des tiers, car aucune donn\u00e9e n&rsquo;est collect\u00e9e.<\/p>\n\n\n\n<h2 class=\"wp-block-heading\">4. S\u00e9curit\u00e9<\/h2>\n\n\n\n<p>\u00c9tant donn\u00e9 que l&rsquo;application ne stocke ni ne transmet de donn\u00e9es, aucun risque li\u00e9 \u00e0 la s\u00e9curit\u00e9 ou \u00e0 la confidentialit\u00e9 des informations personnelles n&rsquo;est encouru.<\/p>\n\n\n\n<h2 class=\"wp-block-heading\">5. Droits des utilisateurs<\/h2>\n\n\n\n<p>Puisque notre application ne collecte aucune donn\u00e9e personnelle, il n&rsquo;est pas n\u00e9cessaire de demander la suppression ou la rectification d&rsquo;informations.<\/p>\n\n\n\n<h2 class=\"wp-block-heading\">6. Modifications de la politique de confidentialit\u00e9<\/h2>\n\n\n\n<p>Nous nous r\u00e9servons le droit de modifier cette politique de confidentialit\u00e9 si n\u00e9cessaire. Toute mise \u00e0 jour sera indiqu\u00e9e dans cette section.<\/p>\n\n\n\n<p><\/p>\n","protected":false},"excerpt":{"rendered":"<p>Derni\u00e8re mise \u00e0 jour : 7 mars 2025 Votre confidentialit\u00e9 est importante pour nous. Cette politique de confidentialit\u00e9 d\u00e9crit comment notre application traite vos donn\u00e9es. 1. Collecte des donn\u00e9es personnelles Notre application ne collecte, ne stocke ni ne partage aucune donn\u00e9e personnelle. Aucune information saisie par l&rsquo;utilisateur n&rsquo;est conserv\u00e9e apr\u00e8s la fermeture de l&rsquo;application. 2. [&hellip;]<\/p>\n","protected":false},"author":1,"featured_media":0,"parent":0,"menu_order":0,"comment_status":"closed","ping_status":"open","template":"","meta":{"footnotes":""},"class_list":["post-3","page","type-page","status-publish","hentry"],"_links":{"self":[{"href":"https:\/\/crypto-cesar.omnytis.com\/index.php?rest_route=\/wp\/v2\/pages\/3","targetHints":{"allow":["GET"]}}],"collection":[{"href":"https:\/\/crypto-cesar.omnytis.com\/index.php?rest_route=\/wp\/v2\/pages"}],"about":[{"href":"https:\/\/crypto-cesar.omnytis.com\/index.php?rest_route=\/wp\/v2\/types\/page"}],"author":[{"embeddable":true,"href":"https:\/\/crypto-cesar.omnytis.com\/index.php?rest_route=\/wp\/v2\/users\/1"}],"replies":[{"embeddable":true,"href":"https:\/\/crypto-cesar.omnytis.com\/index.php?rest_route=%2Fwp%2Fv2%2Fcomments&post=3"}],"version-history":[{"count":1,"href":"https:\/\/crypto-cesar.omnytis.com\/index.php?rest_route=\/wp\/v2\/pages\/3\/revisions"}],"predecessor-version":[{"id":6,"href":"https:\/\/crypto-cesar.omnytis.com\/index.php?rest_route=\/wp\/v2\/pages\/3\/revisions\/6"}],"wp:attachment":[{"href":"https:\/\/crypto-cesar.omnytis.com\/index.php?rest_route=%2Fwp%2Fv2%2Fmedia&parent=3"}],"curies":[{"name":"wp","href":"https:\/\/api.w.org\/{rel}","templated":true}]}}